{"id":742,"date":"2022-09-01T14:17:36","date_gmt":"2022-09-01T14:17:36","guid":{"rendered":"https:\/\/csr-net.eu\/ueber-das-projekt\/"},"modified":"2022-10-03T10:47:34","modified_gmt":"2022-10-03T10:47:34","slug":"ueber-das-projekt","status":"publish","type":"page","link":"https:\/\/csr-net.eu\/de\/","title":{"rendered":"\u00dcber das Projekt"},"content":{"rendered":"\n<!-- iframe plugin v.4.5 wordpress.org\/plugins\/iframe\/ -->\n<iframe width=\"800\" height=\"220\" scrolling=\"no\" src=\"https:\/\/csr-net.eu\/head\/\" class=\"iframe-class\" frameborder=\"0\"><\/iframe>\n\n\n<!-- iframe plugin v.4.5 wordpress.org\/plugins\/iframe\/ -->\n<iframe width=\"360\" height=\"100\" scrolling=\"no\" src=\"https:\/\/csr-net.eu\/head_small\/\" class=\"iframe-class\" frameborder=\"0\"><\/iframe>\n\n<style>\/*! elementor - v3.7.4 - 31-08-2022 *\/\n.elementor-heading-title{padding:0;margin:0;line-height:1}.elementor-widget-heading .elementor-heading-title[class*=elementor-size-]>a{color:inherit;font-size:inherit;line-height:inherit}.elementor-widget-heading .elementor-heading-title.elementor-size-small{font-size:15px}.elementor-widget-heading .elementor-heading-title.elementor-size-medium{font-size:19px}.elementor-widget-heading .elementor-heading-title.elementor-size-large{font-size:29px}.elementor-widget-heading .elementor-heading-title.elementor-size-xl{font-size:39px}.elementor-widget-heading .elementor-heading-title.elementor-size-xxl{font-size:59px}<\/style>\n<h1>CSR-Grunds\u00e4tze der \u00f6ffentlichen Verwaltung<\/h1>\n<link rel=\"stylesheet\" href=\"https:\/\/csr-net.eu\/wp-content\/plugins\/elementor\/assets\/css\/widget-icon-list.min.css\">\n<ul>\n<li>\n\t\t\t\t\t\t\t\t\t\t\t<a href=\"#Info\"><br \/>\n\t\t\t\t\t\t\t\t\t\t\t<\/a>\n\t\t\t\t\t\t\t\t\t<\/li>\n<li>\n\t\t\t\t\t\t\t\t\t\t\t<a href=\"#Karte\"><br \/>\n\t\t\t\t\t\t\t\t\t\t\t<\/a>\n\t\t\t\t\t\t\t\t\t<\/li>\n<li>\n\t\t\t\t\t\t\t\t\t\t\t<a href=\"#kontakt\"><br \/>\n\t\t\t\t\t\t\t\t\t\t\t<\/a>\n\t\t\t\t\t\t\t\t\t<\/li>\n<\/ul>\n<p>Grenz\u00fcberschreitendes Partnerschaftsprojekt zur Sensibilisierung und Einbeziehung von Organisationen der \u00f6ffentlichen Verwaltung in die Umsetzung von CSR-Grunds\u00e4tzen<\/p>\n<p>Derzeit:<br \/>\t\t<div class=\"wppsac-wrap wppsac-slick-slider-wrp wppsac-clearfix \" data-conf=\"{&quot;dots&quot;:&quot;true&quot;,&quot;arrows&quot;:&quot;true&quot;,&quot;autoplay&quot;:&quot;true&quot;,&quot;autoplay_interval&quot;:&quot;8000&quot;,&quot;speed&quot;:500,&quot;rtl&quot;:&quot;false&quot;,&quot;lazyload&quot;:&quot;&quot;}\">\r\n\t\t\t<div id=\"wppsac-post-slider-1\" class=\"wppsac-post-slider-init wppsac-post-slider design-4\">\r\n\t\t\t\t<div class=\"wppsac-post-slides\">\r\n\t<div class=\"wppsac-post-list\">\r\n\t\t<div class=\"wppsac-post-list-content\">\r\n\t\t\t\t\t\t<div class=\"wp-medium-5 wpcolumns\">\r\n\t\t\t\t<div class=\"wppsac-post-image-bg\">\r\n\t\t\t\t\t<a href=\"https:\/\/csr-net.eu\/de\/news\/einladung-zum-vernetzungsseminar-umsetzung-der-grundsaetze-der-sozialen-verantwortung-in-der-oeffentlichen-verwaltung\/\">\r\n\t\t\t\t\t\t<img class=\"wppsac-post-image\"  src=\"https:\/\/csr-net.eu\/wp-content\/uploads\/2022\/10\/asd.jpg\" alt=\"Einladung zum Vernetzungsseminar &#8211; Umsetzung der Grunds\u00e4tze der sozialen Verantwortung in der \u00f6ffentlichen Verwaltung\" \/>\r\n\t\t\t\t\t<\/a>\r\n\t\t\t\t<\/div>\r\n\t\t\t<\/div>\r\n\t\t\t\r\n\t\t\t<div class=\" wp-medium-7  wpcolumns\">\r\n\t\t\t\t\t\t\t\t<div class=\"wppsac-post-categories\"><ul class=\"wppsac-post-categories-list\"><li><a href=\"https:\/\/csr-net.eu\/de\/category\/news\/\">News<\/a><\/li><\/ul><\/div>\r\n\t\t\t\t\r\n\t\t\t\t<h2 class=\"wppsac-post-title\">\r\n\t\t\t\t\t<a href=\"https:\/\/csr-net.eu\/de\/news\/einladung-zum-vernetzungsseminar-umsetzung-der-grundsaetze-der-sozialen-verantwortung-in-der-oeffentlichen-verwaltung\/\">Einladung zum Vernetzungsseminar &#8211; Umsetzung der Grunds\u00e4tze der sozialen Verantwortung in der \u00f6ffentlichen Verwaltung<\/a>\r\n\t\t\t\t<\/h2>\r\n\r\n\t\t\t\t\t\t\t\t<div class=\"wppsac-post-date\">\r\n\t\t\t\t\t \r\n\t\t\t\t\t\t<span>Autor: Petra Vachov\u00e1<\/span>\r\n\t\t\t\t\t \/ Oktober 12, 2022\t\t\t\t<\/div>\r\n\t\t\t\t\t\t\t\t<div class=\"wppsac-post-content\">\r\n\t\t\t\t\t<div class=\"wppsac-sub-content\">wir m\u00f6chten Sie recht herzlich zu Vernetzungsseminaren im Rahmen des EU-Projektes CSR-NET einladen 1. Dezember 2022, Online-Veranstaltung 13. Dezember 2022.ie...<\/div>\r\n\r\n\t\t\t\t\t\t\t\t\t\t<a class=\"wppsac-readmorebtn\" href=\"https:\/\/csr-net.eu\/de\/news\/einladung-zum-vernetzungsseminar-umsetzung-der-grundsaetze-der-sozialen-verantwortung-in-der-oeffentlichen-verwaltung\/\">Weiterlesen<\/a>\r\n\t\t\t\t\t\t\t\t\t<\/div>\r\n\t\t\t\t\t\t\t<\/div>\r\n\t\t<\/div>\r\n\t<\/div>\r\n<\/div><div class=\"wppsac-post-slides\">\r\n\t<div class=\"wppsac-post-list\">\r\n\t\t<div class=\"wppsac-post-list-content\">\r\n\t\t\t\t\t\t<div class=\"wp-medium-5 wpcolumns\">\r\n\t\t\t\t<div class=\"wppsac-post-image-bg\">\r\n\t\t\t\t\t<a href=\"https:\/\/csr-net.eu\/de\/news\/zweite-sitzung-der-csr-net-lenkungsgruppe\/\">\r\n\t\t\t\t\t\t<img class=\"wppsac-post-image\"  src=\"https:\/\/csr-net.eu\/wp-content\/uploads\/2022\/08\/csr-scaled.jpg\" alt=\"Zweite Sitzung der CSR-NET-Lenkungsgruppe\" \/>\r\n\t\t\t\t\t<\/a>\r\n\t\t\t\t<\/div>\r\n\t\t\t<\/div>\r\n\t\t\t\r\n\t\t\t<div class=\" wp-medium-7  wpcolumns\">\r\n\t\t\t\t\t\t\t\t<div class=\"wppsac-post-categories\"><ul class=\"wppsac-post-categories-list\"><li><a href=\"https:\/\/csr-net.eu\/de\/category\/news\/\">News<\/a><\/li><\/ul><\/div>\r\n\t\t\t\t\r\n\t\t\t\t<h2 class=\"wppsac-post-title\">\r\n\t\t\t\t\t<a href=\"https:\/\/csr-net.eu\/de\/news\/zweite-sitzung-der-csr-net-lenkungsgruppe\/\">Zweite Sitzung der CSR-NET-Lenkungsgruppe<\/a>\r\n\t\t\t\t<\/h2>\r\n\r\n\t\t\t\t\t\t\t\t<div class=\"wppsac-post-date\">\r\n\t\t\t\t\t \r\n\t\t\t\t\t\t<span>Autor: Petra Vachov\u00e1<\/span>\r\n\t\t\t\t\t \/ September 12, 2022\t\t\t\t<\/div>\r\n\t\t\t\t\t\t\t\t<div class=\"wppsac-post-content\">\r\n\t\t\t\t\t<div class=\"wppsac-sub-content\">Zweite Sitzung der CSR-NET-Lenkungsgruppe 29. Juli 2022Die zweite Sitzung der CSR-NET-Lenkungsgruppe fand am 29. Juli 2022 in der wundersch\u00f6nen Umgebung...<\/div>\r\n\r\n\t\t\t\t\t\t\t\t\t\t<a class=\"wppsac-readmorebtn\" href=\"https:\/\/csr-net.eu\/de\/news\/zweite-sitzung-der-csr-net-lenkungsgruppe\/\">Weiterlesen<\/a>\r\n\t\t\t\t\t\t\t\t\t<\/div>\r\n\t\t\t\t\t\t\t<\/div>\r\n\t\t<\/div>\r\n\t<\/div>\r\n<\/div><div class=\"wppsac-post-slides\">\r\n\t<div class=\"wppsac-post-list\">\r\n\t\t<div class=\"wppsac-post-list-content\">\r\n\t\t\t\t\t\t<div class=\"wp-medium-5 wpcolumns\">\r\n\t\t\t\t<div class=\"wppsac-post-image-bg\">\r\n\t\t\t\t\t<a href=\"https:\/\/csr-net.eu\/de\/news\/erste-sitzung-der-csr-net-lenkungsgruppe\/\">\r\n\t\t\t\t\t\t<img class=\"wppsac-post-image\"  src=\"https:\/\/csr-net.eu\/wp-content\/uploads\/2022\/08\/meeting-e1662043310183.jpg\" alt=\"Erste Sitzung der CSR-NET-Lenkungsgruppe\" \/>\r\n\t\t\t\t\t<\/a>\r\n\t\t\t\t<\/div>\r\n\t\t\t<\/div>\r\n\t\t\t\r\n\t\t\t<div class=\" wp-medium-7  wpcolumns\">\r\n\t\t\t\t\t\t\t\t<div class=\"wppsac-post-categories\"><ul class=\"wppsac-post-categories-list\"><li><a href=\"https:\/\/csr-net.eu\/de\/category\/news\/\">News<\/a><\/li><\/ul><\/div>\r\n\t\t\t\t\r\n\t\t\t\t<h2 class=\"wppsac-post-title\">\r\n\t\t\t\t\t<a href=\"https:\/\/csr-net.eu\/de\/news\/erste-sitzung-der-csr-net-lenkungsgruppe\/\">Erste Sitzung der CSR-NET-Lenkungsgruppe<\/a>\r\n\t\t\t\t<\/h2>\r\n\r\n\t\t\t\t\t\t\t\t<div class=\"wppsac-post-date\">\r\n\t\t\t\t\t \r\n\t\t\t\t\t\t<span>Autor: Petra Vachov\u00e1<\/span>\r\n\t\t\t\t\t \/ September 1, 2022\t\t\t\t<\/div>\r\n\t\t\t\t\t\t\t\t<div class=\"wppsac-post-content\">\r\n\t\t\t\t\t<div class=\"wppsac-sub-content\">CSR-NET-Projekt-Auftakttreffen 14. M\u00e4rz 2022Die Auftaktveranstaltung des CSR-NET-Projekts fand am 14. M\u00e4rz 2022, ONLINE.Ziel des ersten Treffens war es vor allem,...<\/div>\r\n\r\n\t\t\t\t\t\t\t\t\t\t<a class=\"wppsac-readmorebtn\" href=\"https:\/\/csr-net.eu\/de\/news\/erste-sitzung-der-csr-net-lenkungsgruppe\/\">Weiterlesen<\/a>\r\n\t\t\t\t\t\t\t\t\t<\/div>\r\n\t\t\t\t\t\t\t<\/div>\r\n\t\t<\/div>\r\n\t<\/div>\r\n<\/div>\t\t\t<\/div>\r\n\t\t<\/div>\r\n\t<\/p>\n<style>\/*! elementor - v3.7.4 - 31-08-2022 *\/\nbody.elementor-page .elementor-widget-menu-anchor{margin-bottom:0}<\/style>\n<h4>CSR-NET-Projekt<\/h4>\n<h2>Zielsetzung des Projekts<\/h2>\n<p>Ziel des grenz\u00fcberschreitenden CSR-NET-Projekts ist es, das Bewusstsein und die Beteiligung von Organisationen der \u00f6ffentlichen Verwaltung an der Umsetzung von CSR-Grunds\u00e4tzen durch ein nachhaltiges Netzwerk zu verbessern, das aus einer grenz\u00fcberschreitenden Partnerschaft hervorgeht. (CSR &#8211; &#8222;soziale Verantwortung der Unternehmen&#8220; oder &#8222;soziale Verantwortung&#8220; von Unternehmen, Einrichtungen oder Organisationen)  <\/p>\n<p>Im geografisch identischen, aber politisch geteilten grenz\u00fcberschreitenden Gebiet der Tschechischen Republik und \u00d6sterreichs sind die sozialen Herausforderungen \u00e4hnlich, aber es gibt nur eine sehr begrenzte grenz\u00fcberschreitende Vernetzung von Akteuren, die sich auf regionaler und staatlicher Ebene oder auf kommunaler Ebene aktiv mit CSR-Themen besch\u00e4ftigen. JAIP o.p.s. und N\u00d6.Regional wollen dies im Rahmen des Projektes \u00e4ndern.<\/p>\n<h4>Projekt-Outputs<\/h4>\n<p>Obwohl dem Thema CSR derzeit immer mehr Bedeutung beigemessen wird, zeigen die bisher in den Grenzregionen durchgef\u00fchrten Aktivit\u00e4ten (z.B. CSR-Awards, CSR-Audits) und die Erfahrungen der beteiligten Partner, dass das Thema in den \u00f6ffentlichen Verwaltungen noch nicht ausreichend und systematisch behandelt wird. Der Schwerpunkt des Projekts liegt daher auf der praktischen Anwendbarkeit und dem Transfer von konkreten Beispielen guter Praxis in den <strong>4 Haupts\u00e4ulen der CSR<\/strong> (Wirtschaft, Soziales, Umwelt und Regionales), die sich bereits in tschechischen oder \u00f6sterreichischen Gemeinden bew\u00e4hrt haben, einschlie\u00dflich der Schaffung eines grenz\u00fcberschreitenden Netzwerks.<\/p>\n<p>Zu den wichtigsten Ergebnissen geh\u00f6ren Schulungsmaterialien f\u00fcr die \u00f6ffentliche Verwaltung, die alle vier Bereiche der CSR abdecken und auf der Grundlage einer Analyse der Situation bei der Anwendung der CSR-Grunds\u00e4tze in den \u00f6ffentlichen Verwaltungen der Grenzregion erstellt wurden. Die Inhalte des Schulungsmaterials werden im Herbst 2022 im Rahmen von grenz\u00fcberschreitenden Vernetzungsseminaren und einer Fachkonferenz mit Exkursion vorgestellt.<\/p>\n<link rel=\"stylesheet\" href=\"https:\/\/csr-net.eu\/wp-content\/plugins\/elementor-pro\/assets\/css\/widget-call-to-action.min.css\">\n<h3>Wirtschaft<\/h3>\n<p>\t\t\t\t\t\tDazu geh\u00f6rt auch die F\u00f6rderung einer rechenschaftspflichtigen und transparenten Verwaltung der Beh\u00f6rde.<\/br><\/br><br \/>\nZum Beispiel. F\u00f6rderung eines nachhaltigen \u00f6ffentlichen Beschaffungswesens, Demonstration der Korruptionsbek\u00e4mpfung, usw.\t\t\t\t\t<\/p>\n<h3>Umwelt<\/h3>\n<p>\t\t\t\t\t\tDazu geh\u00f6ren der Schutz und die Verbesserung der Umwelt.<\/p>\n<p>Zum Beispiel. Umweltaktivit\u00e4ten, die \u00fcber den gesetzlichen Rahmen hinausgehen &#8211; ISO-Normen, Umweltaudits, Verwendung von Sekund\u00e4rrohstoffen und erneuerbaren Energiequellen (Sonnenkollektoren, Elektroautos &#8230;) usw.\t\t\t\t\t<\/p>\n<h3>Soziales<\/h3>\n<p>\t\t\t\t\t\tDazu geh\u00f6ren Verantwortung und ein h\u00f6flicher Umgang mit den Mitarbeitern.<\/p>\n<p>Zum Beispiel. verantwortungsvoller Umgang mit&nbsp;Mitarbeitern, nicht-finanzielle Vorteile f\u00fcr Mitarbeiter, Beitrag zur Work-Life-Balance<br \/>\ndas Leben der Arbeitnehmer, die Beteiligung der Arbeitnehmer an Prozessen, die zur Verbesserung der Leistung der Organisation f\u00fchren, usw.\t\t\t\t\t<\/p>\n<h3>Regionales<\/h3>\n<p>\t\t\t\t\t\tDabei geht es um die Unterst\u00fctzung einer lokalen Gruppe oder Organisation \u00fcber den gesetzlich vorgeschriebenen Rahmen hinaus.<\/p>\n<p>Zum Beispiel. Verbesserung des Lebensstandards, der Gesundheit, der Sicherheit, der Bildung und der kulturellen Entwicklung der B\u00fcrger, Unterst\u00fctzung lokaler\/regionaler Erzeuger usw.\t\t\t\t\t<\/p>\n<h2>Beispiele f\u00fcr bew\u00e4hrte Verfahren<\/h2>\n\t\t<div id=\"maps-marker-pro-f548abdf\" class=\"maps-marker-pro\" style=\"width: 100%;\">\r\n\t\t\t<div id=\"mmp-map-wrap-f548abdf\" class=\"mmp-map-wrap\">\r\n\t\t\t\t\t\t\t\t<div id=\"mmp-map-f548abdf\" class=\"mmp-map\" style=\"height: 800px;\"><\/div>\r\n\t\t\t\t\t\t\t<\/div>\r\n\t\t\t\t\t<\/div>\r\n\t\t\n<style>\/*! elementor - v3.7.4 - 31-08-2022 *\/\n.elementor-widget-image{text-align:center}.elementor-widget-image a{display:inline-block}.elementor-widget-image a img[src$=\".svg\"]{width:48px}.elementor-widget-image img{vertical-align:middle;display:inline-block}<\/style>\n<p>\t\t\t\t\t\t\t\t\t\t\t\t<img width=\"300\" height=\"188\" src=\"https:\/\/csr-net.eu\/wp-content\/uploads\/2022\/07\/logo-eu-300x188.png\" alt=\"\" loading=\"lazy\" srcset=\"https:\/\/csr-net.eu\/wp-content\/uploads\/2022\/07\/logo-eu-300x188.png 300w, https:\/\/csr-net.eu\/wp-content\/uploads\/2022\/07\/logo-eu.png 400w\" sizes=\"(max-width: 300px) 100vw, 300px\" \/><br \/>\n\t\t\t\t\t\t\t\t\t\t\t\t\t\t\t<img width=\"300\" height=\"188\" src=\"https:\/\/csr-net.eu\/wp-content\/uploads\/2022\/07\/logo-jaip_small-300x188.png\" alt=\"\" loading=\"lazy\" srcset=\"https:\/\/csr-net.eu\/wp-content\/uploads\/2022\/07\/logo-jaip_small-300x188.png 300w, https:\/\/csr-net.eu\/wp-content\/uploads\/2022\/07\/logo-jaip_small.png 400w\" sizes=\"(max-width: 300px) 100vw, 300px\" \/><br \/>\n\t\t\t\t\t\t\t\t\t\t\t\t\t\t\t<img width=\"300\" height=\"188\" src=\"https:\/\/csr-net.eu\/wp-content\/uploads\/2022\/07\/logo-noe-regional_small-300x188.png\" alt=\"\" loading=\"lazy\" srcset=\"https:\/\/csr-net.eu\/wp-content\/uploads\/2022\/07\/logo-noe-regional_small-300x188.png 300w, https:\/\/csr-net.eu\/wp-content\/uploads\/2022\/07\/logo-noe-regional_small.png 400w\" sizes=\"(max-width: 300px) 100vw, 300px\" \/>\t\t\t\t\t\t\t\t\t\t\t\t\t\t\t<\/p>\n<p>Das Projekt <strong>CSR-NET (ATCZ293)<\/strong> wird durch das Interreg V-A Programm \u00d6sterreich-Tschechische Republik 2014-2020 finanziert.<\/p>\n<p>\t\t\t\t\t\t\t\t\t\t\t\t\t\t\t<img width=\"800\" height=\"273\" src=\"https:\/\/csr-net.eu\/wp-content\/uploads\/2022\/05\/Logo_CSR-Net_FINAL_Farbe_neu-1-1024x349.png\" alt=\"\" loading=\"lazy\" srcset=\"https:\/\/csr-net.eu\/wp-content\/uploads\/2022\/05\/Logo_CSR-Net_FINAL_Farbe_neu-1-1024x349.png 1024w, https:\/\/csr-net.eu\/wp-content\/uploads\/2022\/05\/Logo_CSR-Net_FINAL_Farbe_neu-1-300x102.png 300w, https:\/\/csr-net.eu\/wp-content\/uploads\/2022\/05\/Logo_CSR-Net_FINAL_Farbe_neu-1-768x262.png 768w, https:\/\/csr-net.eu\/wp-content\/uploads\/2022\/05\/Logo_CSR-Net_FINAL_Farbe_neu-1.png 1485w\" sizes=\"(max-width: 800px) 100vw, 800px\" \/>\t\t\t\t\t\t\t\t\t\t\t\t\t\t\t<\/p>\n<style>\/*! elementor - v3.7.4 - 31-08-2022 *\/\n.elementor-widget-divider{--divider-border-style:none;--divider-border-width:1px;--divider-color:#2c2c2c;--divider-icon-size:20px;--divider-element-spacing:10px;--divider-pattern-height:24px;--divider-pattern-size:20px;--divider-pattern-url:none;--divider-pattern-repeat:repeat-x}.elementor-widget-divider .elementor-divider{display:-webkit-box;display:-ms-flexbox;display:flex}.elementor-widget-divider .elementor-divider__text{font-size:15px;line-height:1;max-width:95%}.elementor-widget-divider .elementor-divider__element{margin:0 var(--divider-element-spacing);-ms-flex-negative:0;flex-shrink:0}.elementor-widget-divider .elementor-icon{font-size:var(--divider-icon-size)}.elementor-widget-divider .elementor-divider-separator{display:-webkit-box;display:-ms-flexbox;display:flex;margin:0;direction:ltr}.elementor-widget-divider--view-line_icon .elementor-divider-separator,.elementor-widget-divider--view-line_text .elementor-divider-separator{-webkit-box-align:center;-ms-flex-align:center;align-items:center}.elementor-widget-divider--view-line_icon .elementor-divider-separator:after,.elementor-widget-divider--view-line_icon .elementor-divider-separator:before,.elementor-widget-divider--view-line_text .elementor-divider-separator:after,.elementor-widget-divider--view-line_text .elementor-divider-separator:before{display:block;content:\"\";border-bottom:0;-webkit-box-flex:1;-ms-flex-positive:1;flex-grow:1;border-top:var(--divider-border-width) var(--divider-border-style) var(--divider-color)}.elementor-widget-divider--element-align-left .elementor-divider .elementor-divider-separator>.elementor-divider__svg:first-of-type{-webkit-box-flex:0;-ms-flex-positive:0;flex-grow:0;-ms-flex-negative:100;flex-shrink:100}.elementor-widget-divider--element-align-left .elementor-divider-separator:before{content:none}.elementor-widget-divider--element-align-left .elementor-divider__element{margin-left:0}.elementor-widget-divider--element-align-right .elementor-divider .elementor-divider-separator>.elementor-divider__svg:last-of-type{-webkit-box-flex:0;-ms-flex-positive:0;flex-grow:0;-ms-flex-negative:100;flex-shrink:100}.elementor-widget-divider--element-align-right .elementor-divider-separator:after{content:none}.elementor-widget-divider--element-align-right .elementor-divider__element{margin-right:0}.elementor-widget-divider:not(.elementor-widget-divider--view-line_text):not(.elementor-widget-divider--view-line_icon) .elementor-divider-separator{border-top:var(--divider-border-width) var(--divider-border-style) var(--divider-color)}.elementor-widget-divider--separator-type-pattern{--divider-border-style:none}.elementor-widget-divider--separator-type-pattern.elementor-widget-divider--view-line .elementor-divider-separator,.elementor-widget-divider--separator-type-pattern:not(.elementor-widget-divider--view-line) .elementor-divider-separator:after,.elementor-widget-divider--separator-type-pattern:not(.elementor-widget-divider--view-line) .elementor-divider-separator:before,.elementor-widget-divider--separator-type-pattern:not([class*=elementor-widget-divider--view]) .elementor-divider-separator{width:100%;min-height:var(--divider-pattern-height);-webkit-mask-size:var(--divider-pattern-size) 100%;mask-size:var(--divider-pattern-size) 100%;-webkit-mask-repeat:var(--divider-pattern-repeat);mask-repeat:var(--divider-pattern-repeat);background-color:var(--divider-color);-webkit-mask-image:var(--divider-pattern-url);mask-image:var(--divider-pattern-url)}.elementor-widget-divider--no-spacing{--divider-pattern-size:auto}.elementor-widget-divider--bg-round{--divider-pattern-repeat:round}.rtl .elementor-widget-divider .elementor-divider__text{direction:rtl}.e-container>.elementor-widget-divider{width:var(--container-widget-width,100%);--flex-grow:var(--container-widget-flex-grow,0)}<\/style>\n<h2>Projektpartner:<\/h2>\n<hr \/>\n<p><strong>JAIP &#8211; S\u00fcdb\u00f6hmische Agentur f\u00fcr Innovationsf\u00f6rderung, o.p.s.<\/strong><br \/>Na Zlat\u00e9 stoce 1619, 370 05 \u010cesk\u00e9 Bud\u011bjovice, ID: 26091143<\/p>\n<p>info@jaip.cz, <a style=\"color: #ffffff;\" href=\"http:\/\/jaip.cz\/\" target=\"_blank\" rel=\"noopener\">www.jaip.cz<\/a><\/p>\n<hr \/>\n<p>Federf\u00fchrender Partner:<\/p>\n<p><strong>Michaela Novotn\u00e1<\/strong><br \/>novotna@jaip.cz, +420 608 572 269<\/p>\n<hr>\n<p><strong><br \/>\n  N\u00d6.Regional.GmbH<br \/>\n<\/strong>Purkersdorfer Stra\u00dfe 8\/1\/4, 3100 St. P\u00f6lten<\/p>\n<p>office@noeregional.at,<br \/>\n  <a style=\"color: #ffffff;\" href=\"https:\/\/www.noeregional.at\" target=\"_blank\" rel=\"noopener\">www.noeregional.at<\/a>\n<\/p>\n<hr>\n<p>Projektpartner:<\/p>\n<p><strong>Romana Sadravetz<\/strong><br \/>romana.sadravetz@noeregional.at, +43 676 88 591 350<\/p>\n<p>2022 \u00a9<br \/>\n  <a style=\"color: #ffffff;\" href=\"https:\/\/www.jaip.cz\">jaip.cz<\/a><\/p>\n","protected":false},"excerpt":{"rendered":"<p>CSR-Grunds\u00e4tze der \u00f6ffentlichen Verwaltung Grenz\u00fcberschreitendes Partnerschaftsprojekt zur Sensibilisierung und Einbeziehung von Organisationen der \u00f6ffentlichen Verwaltung in die Umsetzung von CSR-Grunds\u00e4tzen Derzeit: CSR-NET-Projekt Zielsetzung des Projekts Ziel des grenz\u00fcberschreitenden CSR-NET-Projekts ist es, das Bewusstsein und die Beteiligung von Organisationen der \u00f6ffentlichen Verwaltung an der Umsetzung von CSR-Grunds\u00e4tzen durch ein nachhaltiges Netzwerk zu verbessern, das aus einer [&hellip;]<\/p>\n","protected":false},"author":2,"featured_media":313,"parent":0,"menu_order":0,"comment_status":"closed","ping_status":"closed","template":"elementor_header_footer","meta":{"_mi_skip_tracking":false},"aioseo_notices":[],"_links":{"self":[{"href":"https:\/\/csr-net.eu\/de\/wp-json\/wp\/v2\/pages\/742"}],"collection":[{"href":"https:\/\/csr-net.eu\/de\/wp-json\/wp\/v2\/pages"}],"about":[{"href":"https:\/\/csr-net.eu\/de\/wp-json\/wp\/v2\/types\/page"}],"author":[{"embeddable":true,"href":"https:\/\/csr-net.eu\/de\/wp-json\/wp\/v2\/users\/2"}],"replies":[{"embeddable":true,"href":"https:\/\/csr-net.eu\/de\/wp-json\/wp\/v2\/comments?post=742"}],"version-history":[{"count":28,"href":"https:\/\/csr-net.eu\/de\/wp-json\/wp\/v2\/pages\/742\/revisions"}],"predecessor-version":[{"id":995,"href":"https:\/\/csr-net.eu\/de\/wp-json\/wp\/v2\/pages\/742\/revisions\/995"}],"wp:featuredmedia":[{"embeddable":true,"href":"https:\/\/csr-net.eu\/de\/wp-json\/wp\/v2\/media\/313"}],"wp:attachment":[{"href":"https:\/\/csr-net.eu\/de\/wp-json\/wp\/v2\/media?parent=742"}],"curies":[{"name":"wp","href":"https:\/\/api.w.org\/{rel}","templated":true}]}}